{"id":26,"date":"2026-03-04T17:58:46","date_gmt":"2026-03-04T17:58:46","guid":{"rendered":"https:\/\/camilleseurat.eutonom.eu\/?page_id=26"},"modified":"2026-03-04T18:01:29","modified_gmt":"2026-03-04T18:01:29","slug":"shop","status":"publish","type":"page","link":"https:\/\/camilleseurat.eutonom.eu\/index.php\/shop\/","title":{"rendered":"Shop"},"content":{"rendered":"        <div class=\"shop-page-wp-grid\">\n\t\t\t            <a target=\"_blank\" href=\"https:\/\/www.etsy.com\/fr\/listing\/4444218391\/stickers-autocollant-brillant-harry-kiss?ref=shop_home_active_23&amp;pro=1&amp;logging_key=89d3156874fe9840fefb5c3af3c6493b172c5e02%3A4444218391\" class=\"shop-page-wp-item spwp-has-link spwp-one-fourth\" rel=\"nofollow\">\n            <div class=\"shop-page-wp-image\">\n                <img decoding=\"async\" src=\"https:\/\/camilleseurat.eutonom.eu\/wp-content\/uploads\/2026\/03\/20-300x300.png\" alt=\"\"\/>\n            <\/div>\n            <div class=\"shop-page-wp-title\">\n                <h3>Stickers Harry Styles Kiss All The Time, Disco Occasionally. Clock<\/h3>\n            <\/div>\n\t\t\t\t\t\t                <div class=\"shop-page-wp-description\">\n\t\t\t\t\t\t\t\tCR\u00c9ATION ORIGINALE \u270f\ufe0f\r\n\u26a0\ufe0f FILIGRANE \u00c0 BUT PR\u00c9VENTIF (non pr\u00e9sent sur la version finale) \u26a0\ufe0f\r\nStickers Autocollant Brillant Harry Kiss All The Time, Disco Occasionally. Clock KATTDO HS4 Mirrorball Love on tour Merch Gift Laptop Holo\r\nSi holographique, effet al\u00e9atoire\r\nVernis fini brillant\r\n\u203c\ufe0fMockup non contractuel\u203c\ufe0f Taille du stickers non exacte &#8211; environ 6 centim\u00e8tres IRL\r\nInspired by Kiss all the time, disco occasionally\u00a9                <\/div>\n\t\t\t\t\t\t\t\t\t\t\t\t               <div class=\"shop-page-wp-link\">\n                <span class=\"buy-link\">Buy Now<\/span>               <\/div>\n\t\t\t\t\t\t            <\/a>\t\t\t        <\/div>\n\t\t\n\n        <div class=\"shop-page-wp-grid\">\n\t\t\t            <a target=\"_blank\" href=\"https:\/\/www.etsy.com\/fr\/listing\/4444218391\/stickers-autocollant-brillant-harry-kiss?ref=shop_home_active_23&amp;pro=1&amp;logging_key=89d3156874fe9840fefb5c3af3c6493b172c5e02%3A4444218391\" class=\"shop-page-wp-item spwp-has-link spwp-one-third\" rel=\"nofollow\">\n            <div class=\"shop-page-wp-image\">\n                <img decoding=\"async\" src=\"https:\/\/camilleseurat.eutonom.eu\/wp-content\/uploads\/2026\/03\/20-300x300.png\" alt=\"\"\/>\n            <\/div>\n            <div class=\"shop-page-wp-title\">\n                <h3>Stickers Harry Styles Kiss All The Time, Disco Occasionally. Clock<\/h3>\n            <\/div>\n\t\t\t\t\t\t                <div class=\"shop-page-wp-description\">\n\t\t\t\t\t\t\t\tCR\u00c9ATION ORIGINALE \u270f\ufe0f\r\n\u26a0\ufe0f FILIGRANE \u00c0 BUT PR\u00c9VENTIF (non pr\u00e9sent sur la version finale) \u26a0\ufe0f\r\nStickers Autocollant Brillant Harry Kiss All The Time, Disco Occasionally. Clock KATTDO HS4 Mirrorball Love on tour Merch Gift Laptop Holo\r\nSi holographique, effet al\u00e9atoire\r\nVernis fini brillant\r\n\u203c\ufe0fMockup non contractuel\u203c\ufe0f Taille du stickers non exacte - environ 6 centim\u00e8tres IRL\r\nInspired by Kiss all the time, disco occasionally\u00a9                <\/div>\n\t\t\t\t\t\t\t\t\t\t\t\t               <div class=\"shop-page-wp-link\">\n                <span class=\"buy-link\">Buy Now<\/span>               <\/div>\n\t\t\t\t\t\t            <\/a>\t\t\t        <\/div>\n\t\t\n\n\n\n<p><\/p>\n","protected":false},"excerpt":{"rendered":"","protected":false},"author":1,"featured_media":0,"parent":0,"menu_order":0,"comment_status":"closed","ping_status":"closed","template":"","meta":{"footnotes":""},"class_list":["post-26","page","type-page","status-publish","hentry"],"_links":{"self":[{"href":"https:\/\/camilleseurat.eutonom.eu\/index.php\/wp-json\/wp\/v2\/pages\/26","targetHints":{"allow":["GET"]}}],"collection":[{"href":"https:\/\/camilleseurat.eutonom.eu\/index.php\/wp-json\/wp\/v2\/pages"}],"about":[{"href":"https:\/\/camilleseurat.eutonom.eu\/index.php\/wp-json\/wp\/v2\/types\/page"}],"author":[{"embeddable":true,"href":"https:\/\/camilleseurat.eutonom.eu\/index.php\/wp-json\/wp\/v2\/users\/1"}],"replies":[{"embeddable":true,"href":"https:\/\/camilleseurat.eutonom.eu\/index.php\/wp-json\/wp\/v2\/comments?post=26"}],"version-history":[{"count":3,"href":"https:\/\/camilleseurat.eutonom.eu\/index.php\/wp-json\/wp\/v2\/pages\/26\/revisions"}],"predecessor-version":[{"id":31,"href":"https:\/\/camilleseurat.eutonom.eu\/index.php\/wp-json\/wp\/v2\/pages\/26\/revisions\/31"}],"wp:attachment":[{"href":"https:\/\/camilleseurat.eutonom.eu\/index.php\/wp-json\/wp\/v2\/media?parent=26"}],"curies":[{"name":"wp","href":"https:\/\/api.w.org\/{rel}","templated":true}]}}